{"id":1304,"date":"2019-04-04T15:22:51","date_gmt":"2019-04-04T13:22:51","guid":{"rendered":"http:\/\/distilleriedouence.fr\/?page_id=1304"},"modified":"2019-06-12T15:19:12","modified_gmt":"2019-06-12T13:19:12","slug":"nos-productions-2","status":"publish","type":"page","link":"https:\/\/distilleriedouence.fr\/index.php\/nos-productions-2\/","title":{"rendered":"Nos productions"},"content":{"rendered":"<p><section class=\"kc-elm kc-css-975972 kc_row\"><div class=\"kc-row-container  kc-container\"><div class=\"kc-wrap-columns\"><div class=\"kc-elm kc-css-585335 kc_col-sm-12 kc_column kc_col-sm-12\"><div class=\"kc-col-container\"><!--About Section-->\n<section class=\"about-section style-two\">\n    <div class=\"auto-container\">\n        <div class=\"row clearfix\">\n            <!--Content Column-->\n            <div class=\"content-column pull-right col-md-6 col-sm-12 col-xs-12\">\n                <div class=\"inner-box\">\n                    <div class=\"sec-title\">\n                        <h4 class=\"title\">Nos productions<\/h4>\n                        <h2>La Distillerie Douence s'inscrit pleinement dans le mod\u00e8le d'\u00e9conomie circulaire en :<\/h2>\n                        <div class=\"separator\"><span class=\"flaticon-nature\"><\/span><\/div>\n                    <\/div>\n                    \u2022 <b>COLLECTANT chaque ann\u00e9e<\/b> les marcs de raisin et les lies de vin de plusieurs milliers de viticulteurs et de n\u00e9gociants, <br>\r\n\u2022 <b>les RECYCLANT en mati\u00e8re premi\u00e8res<\/b> approvisionnant des fili\u00e8res agro-alimentaires, agronomiques, \u00e9nerg\u00e9tique (telles que l'huilerie, les industries cosm\u00e9tiques,...).<br>\r\n<br>\r\n<b>La Distillerie Douence produit des alcools, des p\u00e9pins pour l'huilerie, du tartrate de chaux pour notamment l'acidification des vins, des amendements organiques, des pulpes de raisin, \u2026<br>\r\nLa Distillerie Douence distille aussi des vins pour produire du Brandy et des eaux de vie de vin.<\/b>\r\n<br>\r\n<br>\r\n\r\n                    <a href=\"http:\/\/distilleriedouence.fr\/wp-content\/uploads\/2019\/03\/schema_prod_02.jpg\" class=\"theme-btn btn-style-two\">Sch\u00e9ma de production<\/a>\n                <\/div>\n            <\/div>\n            \n            <!--Image Column-->\n            <div class=\"image-column col-md-6 col-sm-12 col-xs-12\">\n                <div class=\"inner-box\">\n                    <div class=\"image wow fadeInRight\" data-wow-duration=\"1500ms\">\n                        <figure class=\"image\"><img src=\"http:\/\/distilleriedouence.fr\/wp-content\/uploads\/2019\/05\/Production_film_605x685.jpg\" alt=\"Awesome Image\"><\/figure>\n                    <\/div>\n                <\/div>\n            <\/div>\n        <\/div>\n    <\/div>\n<\/section>\n<!--End About Section--><\/div><\/div><\/div><\/div><\/section><section class=\"kc-elm kc-css-342532 kc_row\"><div class=\"kc-row-container  kc-container\"><div class=\"kc-wrap-columns\"><div class=\"kc-elm kc-css-546769 kc_col-sm-12 kc_column kc_col-sm-12\"><div class=\"kc-col-container\"><\/div><\/div><\/div><\/div><\/section><\/p>\n","protected":false},"excerpt":{"rendered":"","protected":false},"author":1,"featured_media":0,"parent":0,"menu_order":0,"comment_status":"closed","ping_status":"closed","template":"tpl-king_composer.php","meta":{"ngg_post_thumbnail":0},"yoast_head":"<!-- This site is optimized with the Yoast SEO plugin v21.8.1 - https:\/\/yoast.com\/wordpress\/plugins\/seo\/ -->\n<title>Nos productions - Distillerie Douence<\/title>\n<meta name=\"description\" content=\"La Distillerie Douence s&#039;inscrit pleinement dans le mod\u00e8le d&#039;\u00e9conomie circulaire en collectant chaque ann\u00e9e les marcs de raisin et les lies de vin de plusieurs milliers de viticulteurs et de n\u00e9gociants et les recyclant en mati\u00e8re premi\u00e8res\" \/>\n<meta name=\"robots\" content=\"index, follow, max-snippet:-1, max-image-preview:large, max-video-preview:-1\" \/>\n<link rel=\"canonical\" href=\"https:\/\/distilleriedouence.fr\/index.php\/nos-productions-2\/\" \/>\n<meta property=\"og:locale\" content=\"fr_FR\" \/>\n<meta property=\"og:type\" content=\"article\" \/>\n<meta property=\"og:title\" content=\"Nos productions - Distillerie Douence\" \/>\n<meta property=\"og:description\" content=\"La Distillerie Douence s&#039;inscrit pleinement dans le mod\u00e8le d&#039;\u00e9conomie circulaire en collectant chaque ann\u00e9e les marcs de raisin et les lies de vin de plusieurs milliers de viticulteurs et de n\u00e9gociants et les recyclant en mati\u00e8re premi\u00e8res\" \/>\n<meta property=\"og:url\" content=\"https:\/\/distilleriedouence.fr\/index.php\/nos-productions-2\/\" \/>\n<meta property=\"og:site_name\" content=\"Distillerie Douence\" \/>\n<meta property=\"article:modified_time\" content=\"2019-06-12T13:19:12+00:00\" \/>\n<meta property=\"og:image\" content=\"http:\/\/distilleriedouence.fr\/wp-content\/uploads\/2019\/05\/Production_film_605x685.jpg\" \/>\n<meta name=\"twitter:card\" content=\"summary_large_image\" \/>\n<meta name=\"twitter:label1\" content=\"Dur\u00e9e de lecture estim\u00e9e\" \/>\n\t<meta name=\"twitter:data1\" content=\"1 minute\" \/>\n<script type=\"application\/ld+json\" class=\"yoast-schema-graph\">{\"@context\":\"https:\/\/schema.org\",\"@graph\":[{\"@type\":\"WebPage\",\"@id\":\"https:\/\/distilleriedouence.fr\/index.php\/nos-productions-2\/\",\"url\":\"https:\/\/distilleriedouence.fr\/index.php\/nos-productions-2\/\",\"name\":\"Nos productions - Distillerie Douence\",\"isPartOf\":{\"@id\":\"https:\/\/distilleriedouence.fr\/#website\"},\"datePublished\":\"2019-04-04T13:22:51+00:00\",\"dateModified\":\"2019-06-12T13:19:12+00:00\",\"description\":\"La Distillerie Douence s'inscrit pleinement dans le mod\u00e8le d'\u00e9conomie circulaire en collectant chaque ann\u00e9e les marcs de raisin et les lies de vin de plusieurs milliers de viticulteurs et de n\u00e9gociants et les recyclant en mati\u00e8re premi\u00e8res\",\"breadcrumb\":{\"@id\":\"https:\/\/distilleriedouence.fr\/index.php\/nos-productions-2\/#breadcrumb\"},\"inLanguage\":\"fr-FR\",\"potentialAction\":[{\"@type\":\"ReadAction\",\"target\":[\"https:\/\/distilleriedouence.fr\/index.php\/nos-productions-2\/\"]}]},{\"@type\":\"BreadcrumbList\",\"@id\":\"https:\/\/distilleriedouence.fr\/index.php\/nos-productions-2\/#breadcrumb\",\"itemListElement\":[{\"@type\":\"ListItem\",\"position\":1,\"name\":\"Accueil\",\"item\":\"https:\/\/distilleriedouence.fr\/\"},{\"@type\":\"ListItem\",\"position\":2,\"name\":\"Nos productions\"}]},{\"@type\":\"WebSite\",\"@id\":\"https:\/\/distilleriedouence.fr\/#website\",\"url\":\"https:\/\/distilleriedouence.fr\/\",\"name\":\"Distillerie Douence\",\"description\":\"Outil environnemental de la viticulture du Sud-Ouest\",\"potentialAction\":[{\"@type\":\"SearchAction\",\"target\":{\"@type\":\"EntryPoint\",\"urlTemplate\":\"https:\/\/distilleriedouence.fr\/?s={search_term_string}\"},\"query-input\":\"required name=search_term_string\"}],\"inLanguage\":\"fr-FR\"}]}<\/script>\n<!-- \/ Yoast SEO plugin. -->","yoast_head_json":{"title":"Nos productions - Distillerie Douence","description":"La Distillerie Douence s'inscrit pleinement dans le mod\u00e8le d'\u00e9conomie circulaire en collectant chaque ann\u00e9e les marcs de raisin et les lies de vin de plusieurs milliers de viticulteurs et de n\u00e9gociants et les recyclant en mati\u00e8re premi\u00e8res","robots":{"index":"index","follow":"follow","max-snippet":"max-snippet:-1","max-image-preview":"max-image-preview:large","max-video-preview":"max-video-preview:-1"},"canonical":"https:\/\/distilleriedouence.fr\/index.php\/nos-productions-2\/","og_locale":"fr_FR","og_type":"article","og_title":"Nos productions - Distillerie Douence","og_description":"La Distillerie Douence s'inscrit pleinement dans le mod\u00e8le d'\u00e9conomie circulaire en collectant chaque ann\u00e9e les marcs de raisin et les lies de vin de plusieurs milliers de viticulteurs et de n\u00e9gociants et les recyclant en mati\u00e8re premi\u00e8res","og_url":"https:\/\/distilleriedouence.fr\/index.php\/nos-productions-2\/","og_site_name":"Distillerie Douence","article_modified_time":"2019-06-12T13:19:12+00:00","og_image":[{"url":"http:\/\/distilleriedouence.fr\/wp-content\/uploads\/2019\/05\/Production_film_605x685.jpg"}],"twitter_card":"summary_large_image","twitter_misc":{"Dur\u00e9e de lecture estim\u00e9e":"1 minute"},"schema":{"@context":"https:\/\/schema.org","@graph":[{"@type":"WebPage","@id":"https:\/\/distilleriedouence.fr\/index.php\/nos-productions-2\/","url":"https:\/\/distilleriedouence.fr\/index.php\/nos-productions-2\/","name":"Nos productions - Distillerie Douence","isPartOf":{"@id":"https:\/\/distilleriedouence.fr\/#website"},"datePublished":"2019-04-04T13:22:51+00:00","dateModified":"2019-06-12T13:19:12+00:00","description":"La Distillerie Douence s'inscrit pleinement dans le mod\u00e8le d'\u00e9conomie circulaire en collectant chaque ann\u00e9e les marcs de raisin et les lies de vin de plusieurs milliers de viticulteurs et de n\u00e9gociants et les recyclant en mati\u00e8re premi\u00e8res","breadcrumb":{"@id":"https:\/\/distilleriedouence.fr\/index.php\/nos-productions-2\/#breadcrumb"},"inLanguage":"fr-FR","potentialAction":[{"@type":"ReadAction","target":["https:\/\/distilleriedouence.fr\/index.php\/nos-productions-2\/"]}]},{"@type":"BreadcrumbList","@id":"https:\/\/distilleriedouence.fr\/index.php\/nos-productions-2\/#breadcrumb","itemListElement":[{"@type":"ListItem","position":1,"name":"Accueil","item":"https:\/\/distilleriedouence.fr\/"},{"@type":"ListItem","position":2,"name":"Nos productions"}]},{"@type":"WebSite","@id":"https:\/\/distilleriedouence.fr\/#website","url":"https:\/\/distilleriedouence.fr\/","name":"Distillerie Douence","description":"Outil environnemental de la viticulture du Sud-Ouest","potentialAction":[{"@type":"SearchAction","target":{"@type":"EntryPoint","urlTemplate":"https:\/\/distilleriedouence.fr\/?s={search_term_string}"},"query-input":"required name=search_term_string"}],"inLanguage":"fr-FR"}]}},"_links":{"self":[{"href":"https:\/\/distilleriedouence.fr\/index.php\/wp-json\/wp\/v2\/pages\/1304"}],"collection":[{"href":"https:\/\/distilleriedouence.fr\/index.php\/wp-json\/wp\/v2\/pages"}],"about":[{"href":"https:\/\/distilleriedouence.fr\/index.php\/wp-json\/wp\/v2\/types\/page"}],"author":[{"embeddable":true,"href":"https:\/\/distilleriedouence.fr\/index.php\/wp-json\/wp\/v2\/users\/1"}],"replies":[{"embeddable":true,"href":"https:\/\/distilleriedouence.fr\/index.php\/wp-json\/wp\/v2\/comments?post=1304"}],"version-history":[{"count":27,"href":"https:\/\/distilleriedouence.fr\/index.php\/wp-json\/wp\/v2\/pages\/1304\/revisions"}],"predecessor-version":[{"id":1772,"href":"https:\/\/distilleriedouence.fr\/index.php\/wp-json\/wp\/v2\/pages\/1304\/revisions\/1772"}],"wp:attachment":[{"href":"https:\/\/distilleriedouence.fr\/index.php\/wp-json\/wp\/v2\/media?parent=1304"}],"curies":[{"name":"wp","href":"https:\/\/api.w.org\/{rel}","templated":true}]}}