{"id":1016,"date":"2019-03-15T04:15:05","date_gmt":"2019-03-15T03:15:05","guid":{"rendered":"http:\/\/distilleriedouence.fr\/?page_id=1016"},"modified":"2019-06-03T17:28:13","modified_gmt":"2019-06-03T15:28:13","slug":"notre-developpement","status":"publish","type":"page","link":"https:\/\/distilleriedouence.fr\/index.php\/notre-developpement\/","title":{"rendered":"Notre d\u00e9veloppement"},"content":{"rendered":"<p><section class=\"kc-elm kc-css-652523 kc_row\"><div class=\"kc-row-container  kc-container\"><div class=\"kc-wrap-columns\"><div class=\"kc-elm kc-css-536500 kc_col-sm-12 kc_column kc_col-sm-12\"><div class=\"kc-col-container\"><!--About Section-->\n<section class=\"about-section style-two\">\n    <div class=\"auto-container\">\n        <div class=\"row clearfix\">\n            <!--Content Column-->\n            <div class=\"content-column pull-right col-md-6 col-sm-12 col-xs-12\">\n                <div class=\"inner-box\">\n                    <div class=\"sec-title\">\n                        <h4 class=\"title\">Notre d\u00e9veloppement<\/h4>\n                        <h2>La Distillerie Douence s'est agrandie <br> au-del\u00e0 de la r\u00e9gion<\/h2>\n                        <div class=\"separator\"><span class=\"flaticon-nature\"><\/span><\/div>\n                    <\/div>\n                    en prenant des participations dans plus de 8 distilleries vinicoles implant\u00e9es dans le grand Sud Ouest et dans la reprise en 1995 de la Vinaigrerie T\u00eate Noire.\r\n<br>\r\n<br>\r\n                    <a href=\"http:\/\/www.vinaigre-tetenoire.fr\/\" class=\"theme-btn btn-style-two\">Vinaigrerie T\u00eate Noire<\/a>\n                <\/div>\n            <\/div>\n            \n            <!--Image Column-->\n            <div class=\"image-column col-md-6 col-sm-12 col-xs-12\">\n                <div class=\"inner-box\">\n                    <div class=\"image wow fadeInRight\" data-wow-duration=\"1500ms\">\n                        <figure class=\"image\"><img src=\"http:\/\/distilleriedouence.fr\/wp-content\/uploads\/2019\/06\/developpementt_655x605-1.jpg\" alt=\"Awesome Image\"><\/figure>\n                    <\/div>\n                <\/div>\n            <\/div>\n        <\/div>\n    <\/div>\n<\/section>\n<!--End About Section--><\/div><\/div><\/div><\/div><\/section><section class=\"kc-elm kc-css-14094 kc_row\"><div class=\"kc-row-container\"><div class=\"kc-wrap-columns\"><div class=\"kc-elm kc-css-168980 kc_col-sm-12 kc_column kc_col-sm-12\"><div class=\"kc-col-container\">\n<div class=\"kc-elm kc-css-652703 kc-call-to-action kc-cta-2 kc-is-button\">\n\n\t<div class=\"kc-cta-desc\"><h2>Filiale<\/h2><div class=\"kc-cta-text\">La Distillerie Douence produit \u00e9galement de la Fine Bordeaux via sa filiale <b>les Distilleries Vinicoles du Blayais<\/b><\/div><\/div><div class=\"kc-cta-button\"><a href=\"http:\/\/www.finedalienor.com\/\" title=\"Fine Bordeaux\" target=\"_blank\">Fine Bordeaux<\/a><\/div>\n<\/div>\n<\/div><\/div><\/div><\/div><\/section><section class=\"kc-elm kc-css-47084 kc-animated kc-animate-eff-fadeIn kc_row\"><div class=\"kc-row-container  kc-container\"><div class=\"kc-wrap-columns\"><div class=\"kc-elm kc-css-481472 kc_col-sm-12 kc_column kc_col-sm-12\"><div class=\"kc-col-container\"><div class=\"kc-elm kc-css-377807 kc-animated kc-animate-eff-bounceIn\">\n\t<div class=\"kc-carousel_images kc-elm kc-css-377807 kc-animated kc-animate-eff-bounceIn\">\n\t\n\t\t<div class=\"kc-carousel-images owl-carousel-images kc-sync1  owl-nav-round\" data-owl-i-options='{\"items\":\"4\",\"tablet\":\"2\",\"mobile\":\"1\",\"speed\":\"421\",\"navigation\":\"yes\",\"pagination\":\"yes\",\"autoheight\":\"\",\"progressbar\":\"\",\"delay\":\"4\",\"autoplay\":\"yes\",\"showthumb\":\"\",\"num_thumb\":\"5\"}'>\n\t\n\t\t\t\t\t<div class=\"item\">\n\t\n\t\t\t\t\t\t\t<img src=\"https:\/\/distilleriedouence.fr\/wp-content\/uploads\/2019\/01\/Fine-2.jpg\"  alt=\"\"\/>\n\t\n\t\t\t\t\n\t\t\t<\/div>\n\t\n\t\t\t\t\t<div class=\"item\">\n\t\n\t\t\t\t\t\t\t<img src=\"https:\/\/distilleriedouence.fr\/wp-content\/uploads\/2019\/04\/raisin_1920x1080.jpg\"  alt=\"\"\/>\n\t\n\t\t\t\t\n\t\t\t<\/div>\n\t\n\t\t\t\t\t<div class=\"item\">\n\t\n\t\t\t\t\t\t\t<img src=\"https:\/\/distilleriedouence.fr\/wp-content\/uploads\/2019\/01\/Fine-1.jpg\"  alt=\"\"\/>\n\t\n\t\t\t\t\n\t\t\t<\/div>\n\t\n\t\t\t\t\t<div class=\"item\">\n\t\n\t\t\t\t\t\t\t<img src=\"https:\/\/distilleriedouence.fr\/wp-content\/uploads\/2019\/04\/huiles-video-2.jpg\"  alt=\"\"\/>\n\t\n\t\t\t\t\n\t\t\t<\/div>\n\t\n\t\t\t\n\t\t<\/div>\n\t\n\t\t\t<\/div>\n<\/div>\n<\/div><\/div><\/div><\/div><\/section><section class=\"kc-elm kc-css-648266 kc_row\"><div class=\"kc-row-container  kc-container\"><div class=\"kc-wrap-columns\"><div class=\"kc-elm kc-css-603264 kc_col-sm-12 kc_column kc_col-sm-12\"><div class=\"kc-col-container\"><div class=\"kc-elm kc-css-56911\" style=\"height: 20px; clear: both; width:100%;\"><\/div><\/div><\/div><\/div><\/div><\/section><\/p>\n","protected":false},"excerpt":{"rendered":"","protected":false},"author":1,"featured_media":0,"parent":0,"menu_order":0,"comment_status":"closed","ping_status":"closed","template":"tpl-king_composer.php","meta":{"ngg_post_thumbnail":0},"yoast_head":"<!-- This site is optimized with the Yoast SEO plugin v21.8.1 - https:\/\/yoast.com\/wordpress\/plugins\/seo\/ -->\n<title>Notre d\u00e9veloppement - Distillerie Douence<\/title>\n<meta name=\"robots\" content=\"index, follow, max-snippet:-1, max-image-preview:large, max-video-preview:-1\" \/>\n<link rel=\"canonical\" href=\"https:\/\/distilleriedouence.fr\/index.php\/notre-developpement\/\" \/>\n<meta property=\"og:locale\" content=\"fr_FR\" \/>\n<meta property=\"og:type\" content=\"article\" \/>\n<meta property=\"og:title\" content=\"Notre d\u00e9veloppement - Distillerie Douence\" \/>\n<meta property=\"og:description\" content=\"Notre d\u00e9veloppement La Distillerie Douence s&rsquo;est agrandie au-del\u00e0 de la r\u00e9gion en prenant des participations dans plus de 8 distilleries vinicoles implant\u00e9es dans le grand Sud Ouest et dans la reprise en 1995 de la Vinaigrerie T\u00eate Noire. Vinaigrerie T\u00eate Noire Filiale La Distillerie Douence produit \u00e9galement de la Fine Bordeaux via sa filiale les\" \/>\n<meta property=\"og:url\" content=\"https:\/\/distilleriedouence.fr\/index.php\/notre-developpement\/\" \/>\n<meta property=\"og:site_name\" content=\"Distillerie Douence\" \/>\n<meta property=\"article:modified_time\" content=\"2019-06-03T15:28:13+00:00\" \/>\n<meta property=\"og:image\" content=\"http:\/\/distilleriedouence.fr\/wp-content\/uploads\/2019\/06\/developpementt_655x605-1.jpg\" \/>\n<meta name=\"twitter:card\" content=\"summary_large_image\" \/>\n<script type=\"application\/ld+json\" class=\"yoast-schema-graph\">{\"@context\":\"https:\/\/schema.org\",\"@graph\":[{\"@type\":\"WebPage\",\"@id\":\"https:\/\/distilleriedouence.fr\/index.php\/notre-developpement\/\",\"url\":\"https:\/\/distilleriedouence.fr\/index.php\/notre-developpement\/\",\"name\":\"Notre d\u00e9veloppement - Distillerie Douence\",\"isPartOf\":{\"@id\":\"https:\/\/distilleriedouence.fr\/#website\"},\"datePublished\":\"2019-03-15T03:15:05+00:00\",\"dateModified\":\"2019-06-03T15:28:13+00:00\",\"breadcrumb\":{\"@id\":\"https:\/\/distilleriedouence.fr\/index.php\/notre-developpement\/#breadcrumb\"},\"inLanguage\":\"fr-FR\",\"potentialAction\":[{\"@type\":\"ReadAction\",\"target\":[\"https:\/\/distilleriedouence.fr\/index.php\/notre-developpement\/\"]}]},{\"@type\":\"BreadcrumbList\",\"@id\":\"https:\/\/distilleriedouence.fr\/index.php\/notre-developpement\/#breadcrumb\",\"itemListElement\":[{\"@type\":\"ListItem\",\"position\":1,\"name\":\"Accueil\",\"item\":\"https:\/\/distilleriedouence.fr\/\"},{\"@type\":\"ListItem\",\"position\":2,\"name\":\"Notre d\u00e9veloppement\"}]},{\"@type\":\"WebSite\",\"@id\":\"https:\/\/distilleriedouence.fr\/#website\",\"url\":\"https:\/\/distilleriedouence.fr\/\",\"name\":\"Distillerie Douence\",\"description\":\"Outil environnemental de la viticulture du Sud-Ouest\",\"potentialAction\":[{\"@type\":\"SearchAction\",\"target\":{\"@type\":\"EntryPoint\",\"urlTemplate\":\"https:\/\/distilleriedouence.fr\/?s={search_term_string}\"},\"query-input\":\"required name=search_term_string\"}],\"inLanguage\":\"fr-FR\"}]}<\/script>\n<!-- \/ Yoast SEO plugin. -->","yoast_head_json":{"title":"Notre d\u00e9veloppement - Distillerie Douence","robots":{"index":"index","follow":"follow","max-snippet":"max-snippet:-1","max-image-preview":"max-image-preview:large","max-video-preview":"max-video-preview:-1"},"canonical":"https:\/\/distilleriedouence.fr\/index.php\/notre-developpement\/","og_locale":"fr_FR","og_type":"article","og_title":"Notre d\u00e9veloppement - Distillerie Douence","og_description":"Notre d\u00e9veloppement La Distillerie Douence s&rsquo;est agrandie au-del\u00e0 de la r\u00e9gion en prenant des participations dans plus de 8 distilleries vinicoles implant\u00e9es dans le grand Sud Ouest et dans la reprise en 1995 de la Vinaigrerie T\u00eate Noire. Vinaigrerie T\u00eate Noire Filiale La Distillerie Douence produit \u00e9galement de la Fine Bordeaux via sa filiale les","og_url":"https:\/\/distilleriedouence.fr\/index.php\/notre-developpement\/","og_site_name":"Distillerie Douence","article_modified_time":"2019-06-03T15:28:13+00:00","og_image":[{"url":"http:\/\/distilleriedouence.fr\/wp-content\/uploads\/2019\/06\/developpementt_655x605-1.jpg"}],"twitter_card":"summary_large_image","schema":{"@context":"https:\/\/schema.org","@graph":[{"@type":"WebPage","@id":"https:\/\/distilleriedouence.fr\/index.php\/notre-developpement\/","url":"https:\/\/distilleriedouence.fr\/index.php\/notre-developpement\/","name":"Notre d\u00e9veloppement - Distillerie Douence","isPartOf":{"@id":"https:\/\/distilleriedouence.fr\/#website"},"datePublished":"2019-03-15T03:15:05+00:00","dateModified":"2019-06-03T15:28:13+00:00","breadcrumb":{"@id":"https:\/\/distilleriedouence.fr\/index.php\/notre-developpement\/#breadcrumb"},"inLanguage":"fr-FR","potentialAction":[{"@type":"ReadAction","target":["https:\/\/distilleriedouence.fr\/index.php\/notre-developpement\/"]}]},{"@type":"BreadcrumbList","@id":"https:\/\/distilleriedouence.fr\/index.php\/notre-developpement\/#breadcrumb","itemListElement":[{"@type":"ListItem","position":1,"name":"Accueil","item":"https:\/\/distilleriedouence.fr\/"},{"@type":"ListItem","position":2,"name":"Notre d\u00e9veloppement"}]},{"@type":"WebSite","@id":"https:\/\/distilleriedouence.fr\/#website","url":"https:\/\/distilleriedouence.fr\/","name":"Distillerie Douence","description":"Outil environnemental de la viticulture du Sud-Ouest","potentialAction":[{"@type":"SearchAction","target":{"@type":"EntryPoint","urlTemplate":"https:\/\/distilleriedouence.fr\/?s={search_term_string}"},"query-input":"required name=search_term_string"}],"inLanguage":"fr-FR"}]}},"_links":{"self":[{"href":"https:\/\/distilleriedouence.fr\/index.php\/wp-json\/wp\/v2\/pages\/1016"}],"collection":[{"href":"https:\/\/distilleriedouence.fr\/index.php\/wp-json\/wp\/v2\/pages"}],"about":[{"href":"https:\/\/distilleriedouence.fr\/index.php\/wp-json\/wp\/v2\/types\/page"}],"author":[{"embeddable":true,"href":"https:\/\/distilleriedouence.fr\/index.php\/wp-json\/wp\/v2\/users\/1"}],"replies":[{"embeddable":true,"href":"https:\/\/distilleriedouence.fr\/index.php\/wp-json\/wp\/v2\/comments?post=1016"}],"version-history":[{"count":43,"href":"https:\/\/distilleriedouence.fr\/index.php\/wp-json\/wp\/v2\/pages\/1016\/revisions"}],"predecessor-version":[{"id":1726,"href":"https:\/\/distilleriedouence.fr\/index.php\/wp-json\/wp\/v2\/pages\/1016\/revisions\/1726"}],"wp:attachment":[{"href":"https:\/\/distilleriedouence.fr\/index.php\/wp-json\/wp\/v2\/media?parent=1016"}],"curies":[{"name":"wp","href":"https:\/\/api.w.org\/{rel}","templated":true}]}}